{"id":14,"date":"2015-08-14T13:24:49","date_gmt":"2015-08-14T13:24:49","guid":{"rendered":"http:\/\/www.agileadministradora.com\/site\/?page_id=14"},"modified":"2022-04-29T13:06:15","modified_gmt":"2022-04-29T13:06:15","slug":"contato","status":"publish","type":"page","link":"https:\/\/www.agileadministradora.com\/site\/contato\/","title":{"rendered":"CONTATO"},"content":{"rendered":"<p>[vc_row][vc_column][vc_column_text css_animation=&#8221;fadeInUp&#8221;]<\/p>\n<p style=\"text-align: justify;\">A \u00c1gile Administradora preza pela qualidade em seu atendimento, e est\u00e1 sempre em busca de solu\u00e7\u00f5es para as necessidades de seus clientes. Por isso disponibilizamos este espa\u00e7o para que voc\u00ea tire suas d\u00favidas. Responderemos com muito prazer a todos os seus questionamentos o mais breve poss\u00edvel.<\/p>\n<p>[\/vc_column_text][\/vc_column][\/vc_row][vc_row][vc_column width=&#8221;2\/3&#8243;][vc_column_text]<\/p>\n<h2><a href=\"https:\/\/web.whatsapp.com\/send?phone=554733305208&amp;text=Ol%C3%A1,%20estou%20acessando%20seu%20site,%20P%C3%A1gina%20CONTATO%20e%20gostaria%20de%20saber%20mais%20sobre%20seu%20Servi%C3%A7o.%20Aguardo%20seu%20retorno.%20Obrigado.\" target=\"_blank\" rel=\"noopener\">(47) 3330-5208<\/a><\/h2>\n<p>[\/vc_column_text]<div class=\"wpforms-container wpforms-container-full\" id=\"wpforms-509\"><form id=\"wpforms-form-509\" class=\"wpforms-validate wpforms-form\" data-formid=\"509\" method=\"post\" enctype=\"multipart\/form-data\" action=\"\/site\/wp-json\/wp\/v2\/pages\/14\"><div class=\"wpforms-head-container\"><\/div><div class=\"wpforms-field-container\"><div id=\"wpforms-509-field_0-container\" class=\"wpforms-field wpforms-field-name\" data-field-id=\"0\"><label class=\"wpforms-field-label\" for=\"wpforms-509-field_0\">Nome <span class=\"wpforms-required-label\">*<\/span><\/label><input type=\"text\" id=\"wpforms-509-field_0\" class=\"wpforms-field-medium wpforms-field-required\" name=\"wpforms[fields][0]\" required><\/div><div id=\"wpforms-509-field_1-container\" class=\"wpforms-field wpforms-field-email\" data-field-id=\"1\"><label class=\"wpforms-field-label\" for=\"wpforms-509-field_1\">Email <span class=\"wpforms-required-label\">*<\/span><\/label><input type=\"email\" id=\"wpforms-509-field_1\" class=\"wpforms-field-medium wpforms-field-required\" name=\"wpforms[fields][1]\" required><\/div><div id=\"wpforms-509-field_3-container\" class=\"wpforms-field wpforms-field-phone\" data-field-id=\"3\"><label class=\"wpforms-field-label\" for=\"wpforms-509-field_3\">Telefone<\/label><input type=\"tel\" id=\"wpforms-509-field_3\" class=\"wpforms-field-medium wpforms-smart-phone-field\" data-rule-smart-phone-field=\"true\" name=\"wpforms[fields][3]\" ><\/div><div id=\"wpforms-509-field_2-container\" class=\"wpforms-field wpforms-field-textarea\" data-field-id=\"2\"><label class=\"wpforms-field-label\" for=\"wpforms-509-field_2\">Sua mensagem <span class=\"wpforms-required-label\">*<\/span><\/label><textarea id=\"wpforms-509-field_2\" class=\"wpforms-field-medium wpforms-field-required\" name=\"wpforms[fields][2]\" required><\/textarea><\/div><\/div><div class=\"wpforms-field wpforms-field-hp\"><label for=\"wpforms-509-field-hp\" class=\"wpforms-field-label\">Name<\/label><input type=\"text\" name=\"wpforms[hp]\" id=\"wpforms-509-field-hp\" class=\"wpforms-field-medium\"><\/div><div class=\"wpforms-submit-container\" ><input type=\"hidden\" name=\"wpforms[id]\" value=\"509\"><input type=\"hidden\" name=\"wpforms[author]\" value=\"1\"><button type=\"submit\" name=\"wpforms[submit]\" class=\"wpforms-submit \" id=\"wpforms-submit-509\" value=\"wpforms-submit\" aria-live=\"assertive\" data-alt-text=\"Enviando...\" data-submit-text=\"Enviar \">Enviar <\/button><\/div><\/form><\/div>  <!-- .wpforms-container -->[\/vc_column][vc_column width=&#8221;1\/3&#8243;][vc_single_image image=&#8221;510&#8243; img_size=&#8221;full&#8221;][\/vc_column][\/vc_row][vc_row][vc_column][vc_btn title=&#8221;Como chegar&#8221; align=&#8221;center&#8221; link=&#8221;url:https%3A%2F%2Fgoo.gl%2Fmaps%2FHqD5LUWS63eKhdnd8||target:%20_blank|&#8221;][\/vc_column][\/vc_row]<\/p>\n","protected":false},"excerpt":{"rendered":"<p>[vc_row][vc_column][vc_column_text css_animation=&#8221;fadeInUp&#8221;] A \u00c1gile Administradora preza pela qualidade em seu atendimento, e est\u00e1 sempre em busca de solu\u00e7\u00f5es para as necessidades de seus clientes. Por isso disponibilizamos este espa\u00e7o para que voc\u00ea tire suas d\u00favidas. Responderemos com muito prazer a todos os seus questionamentos o mais breve poss\u00edvel. [\/vc_column_text][\/vc_column][\/vc_row][vc_row][vc_column width=&#8221;2\/3&#8243;][vc_column_text] (47) 3330-5208 [\/vc_column_text][\/vc_column][vc_column width=&#8221;1\/3&#8243;][vc_single_image image=&#8221;510&#8243;&hellip;<\/p>\n","protected":false},"author":1,"featured_media":0,"parent":0,"menu_order":30,"comment_status":"open","ping_status":"open","template":"","meta":{"footnotes":""},"_links":{"self":[{"href":"https:\/\/www.agileadministradora.com\/site\/wp-json\/wp\/v2\/pages\/14"}],"collection":[{"href":"https:\/\/www.agileadministradora.com\/site\/wp-json\/wp\/v2\/pages"}],"about":[{"href":"https:\/\/www.agileadministradora.com\/site\/wp-json\/wp\/v2\/types\/page"}],"author":[{"embeddable":true,"href":"https:\/\/www.agileadministradora.com\/site\/wp-json\/wp\/v2\/users\/1"}],"replies":[{"embeddable":true,"href":"https:\/\/www.agileadministradora.com\/site\/wp-json\/wp\/v2\/comments?post=14"}],"version-history":[{"count":17,"href":"https:\/\/www.agileadministradora.com\/site\/wp-json\/wp\/v2\/pages\/14\/revisions"}],"predecessor-version":[{"id":787,"href":"https:\/\/www.agileadministradora.com\/site\/wp-json\/wp\/v2\/pages\/14\/revisions\/787"}],"wp:attachment":[{"href":"https:\/\/www.agileadministradora.com\/site\/wp-json\/wp\/v2\/media?parent=14"}],"curies":[{"name":"wp","href":"https:\/\/api.w.org\/{rel}","templated":true}]}}