{"id":496,"date":"2019-10-12T22:11:30","date_gmt":"2019-10-12T22:11:30","guid":{"rendered":"http:\/\/www.agileadministradora.com\/site\/?page_id=496"},"modified":"2023-12-20T21:10:41","modified_gmt":"2023-12-20T21:10:41","slug":"pagina-inicial","status":"publish","type":"page","link":"https:\/\/www.agileadministradora.com\/site\/","title":{"rendered":"P\u00c1GINA INICIAL"},"content":{"rendered":"<p>[vc_row][vc_column width=&#8221;1\/4&#8243;][vc_column_text]<\/p>\n<h3 style=\"text-align: center;\">Adminstra\u00e7\u00e3o de Condom\u00ednios<\/h3>\n<p>[\/vc_column_text]<style type=\"text\/css\" data-type=\"the7_shortcodes-inline-css\">.shortcode-single-image-wrap.shortcode-single-image-c7e7b53e9e0e56aeeba4c79ffe71abb7.enable-bg-rollover .rollover i,\n.shortcode-single-image-wrap.shortcode-single-image-c7e7b53e9e0e56aeeba4c79ffe71abb7.enable-bg-rollover .rollover-video i {\n  background: -webkit-linear-gradient();\n  background: linear-gradient();\n}\n.shortcode-single-image-wrap.shortcode-single-image-c7e7b53e9e0e56aeeba4c79ffe71abb7 .rollover-icon {\n  font-size: 32px;\n  color: #ffffff;\n  min-width: 44px;\n  min-height: 44px;\n  line-height: 44px;\n  border-radius: 100px;\n  border-style: solid;\n  border-width: 0px;\n}\n.dt-icon-bg-on.shortcode-single-image-wrap.shortcode-single-image-c7e7b53e9e0e56aeeba4c79ffe71abb7 .rollover-icon {\n  background: rgba(255,255,255,0.3);\n  box-shadow: none;\n}\n<\/style><div class=\"shortcode-single-image-wrap shortcode-single-image-c7e7b53e9e0e56aeeba4c79ffe71abb7 alignnone  enable-bg-rollover dt-icon-bg-off\" style=\"margin-top:0px; margin-bottom:0px; margin-left:0px; margin-right:0px; width:500px;\" data-pretty-share=\"facebook,linkedin,whatsapp\"><div class=\"shortcode-single-image\"><div class=\"fancy-media-wrap\" style=\"\"><a href=\"https:\/\/www.agileadministradora.com\/site\/servicos\/administracao-de-condominios\/\" class=\" layzr-bg rollover\" style=\"\" rel=\"nofollow\" aria-label=\"Image\"><img loading=\"lazy\" decoding=\"async\" class=\"preload-me lazy-load\" src=\"data:image\/svg+xml,%3Csvg%20xmlns%3D&#39;http%3A%2F%2Fwww.w3.org%2F2000%2Fsvg&#39;%20viewBox%3D&#39;0%200%20500%20350&#39;%2F%3E\" data-src=\"https:\/\/www.agileadministradora.com\/site\/wp-content\/uploads\/2022\/09\/agile-4-scaled-500x350.jpg\" data-srcset=\"https:\/\/www.agileadministradora.com\/site\/wp-content\/uploads\/2022\/09\/agile-4-scaled-500x350.jpg 500w, https:\/\/www.agileadministradora.com\/site\/wp-content\/uploads\/2022\/09\/agile-4-scaled-1000x700.jpg 1000w\" width=\"500\" height=\"350\"  data-dt-location=\"https:\/\/www.agileadministradora.com\/site\/pagina-inicial\/agile-4\/\" alt=\"\" \/><\/a><\/div><\/div><\/div>[vc_empty_space][\/vc_column][vc_column width=&#8221;1\/4&#8243;][vc_column_text]<\/p>\n<h3 style=\"text-align: center;\">S\u00edndico Gestor Profissional<\/h3>\n<p>[\/vc_column_text]<style type=\"text\/css\" data-type=\"the7_shortcodes-inline-css\">.shortcode-single-image-wrap.shortcode-single-image-924573c7229d008e1ad8fe0f5bf3e330.enable-bg-rollover .rollover i,\n.shortcode-single-image-wrap.shortcode-single-image-924573c7229d008e1ad8fe0f5bf3e330.enable-bg-rollover .rollover-video i {\n  background: -webkit-linear-gradient();\n  background: linear-gradient();\n}\n.shortcode-single-image-wrap.shortcode-single-image-924573c7229d008e1ad8fe0f5bf3e330 .rollover-icon {\n  font-size: 32px;\n  color: #ffffff;\n  min-width: 44px;\n  min-height: 44px;\n  line-height: 44px;\n  border-radius: 100px;\n  border-style: solid;\n  border-width: 0px;\n}\n.dt-icon-bg-on.shortcode-single-image-wrap.shortcode-single-image-924573c7229d008e1ad8fe0f5bf3e330 .rollover-icon {\n  background: rgba(255,255,255,0.3);\n  box-shadow: none;\n}\n<\/style><div class=\"shortcode-single-image-wrap shortcode-single-image-924573c7229d008e1ad8fe0f5bf3e330 alignnone  enable-bg-rollover dt-icon-bg-off\" style=\"margin-top:0px; margin-bottom:0px; margin-left:0px; margin-right:0px; width:500px;\" data-pretty-share=\"facebook,linkedin,whatsapp\"><div class=\"shortcode-single-image\"><div class=\"fancy-media-wrap\" style=\"\"><a href=\"https:\/\/www.agileadministradora.com\/site\/servicos\/sindico-gestor-geral\/\" class=\" layzr-bg rollover\" style=\"\" rel=\"nofollow\" aria-label=\"Image\"><img loading=\"lazy\" decoding=\"async\" class=\"preload-me lazy-load\" src=\"data:image\/svg+xml,%3Csvg%20xmlns%3D&#39;http%3A%2F%2Fwww.w3.org%2F2000%2Fsvg&#39;%20viewBox%3D&#39;0%200%20500%20350&#39;%2F%3E\" data-src=\"https:\/\/www.agileadministradora.com\/site\/wp-content\/uploads\/2022\/09\/agile-2-scaled-500x350.jpg\" data-srcset=\"https:\/\/www.agileadministradora.com\/site\/wp-content\/uploads\/2022\/09\/agile-2-scaled-500x350.jpg 500w, https:\/\/www.agileadministradora.com\/site\/wp-content\/uploads\/2022\/09\/agile-2-scaled-1000x700.jpg 1000w\" width=\"500\" height=\"350\"  data-dt-location=\"https:\/\/www.agileadministradora.com\/site\/pagina-inicial\/agile-2\/\" alt=\"\" \/><\/a><\/div><\/div><\/div>[vc_empty_space][\/vc_column][vc_column width=&#8221;1\/4&#8243;][vc_column_text]<\/p>\n<h3 style=\"text-align: center;\">Assessoria \u00e0 Empresas<\/h3>\n<p>[\/vc_column_text]<style type=\"text\/css\" data-type=\"the7_shortcodes-inline-css\">.shortcode-single-image-wrap.shortcode-single-image-ce976bc0bdaef880fa90850119848dc7.enable-bg-rollover .rollover i,\n.shortcode-single-image-wrap.shortcode-single-image-ce976bc0bdaef880fa90850119848dc7.enable-bg-rollover .rollover-video i {\n  background: -webkit-linear-gradient();\n  background: linear-gradient();\n}\n.shortcode-single-image-wrap.shortcode-single-image-ce976bc0bdaef880fa90850119848dc7 .rollover-icon {\n  font-size: 32px;\n  color: #ffffff;\n  min-width: 44px;\n  min-height: 44px;\n  line-height: 44px;\n  border-radius: 100px;\n  border-style: solid;\n  border-width: 0px;\n}\n.dt-icon-bg-on.shortcode-single-image-wrap.shortcode-single-image-ce976bc0bdaef880fa90850119848dc7 .rollover-icon {\n  background: rgba(255,255,255,0.3);\n  box-shadow: none;\n}\n<\/style><div class=\"shortcode-single-image-wrap shortcode-single-image-ce976bc0bdaef880fa90850119848dc7 alignnone  enable-bg-rollover dt-icon-bg-off\" style=\"margin-top:0px; margin-bottom:0px; margin-left:0px; margin-right:0px; width:500px;\" data-pretty-share=\"facebook,linkedin,whatsapp\"><div class=\"shortcode-single-image\"><div class=\"fancy-media-wrap\" style=\"\"><a href=\"https:\/\/www.agileadministradora.com\/site\/servicos\/assessoria-a-empresa\/\" class=\" layzr-bg rollover\" style=\"\" rel=\"nofollow\" aria-label=\"Image\"><img loading=\"lazy\" decoding=\"async\" class=\"preload-me lazy-load\" src=\"data:image\/svg+xml,%3Csvg%20xmlns%3D&#39;http%3A%2F%2Fwww.w3.org%2F2000%2Fsvg&#39;%20viewBox%3D&#39;0%200%20500%20350&#39;%2F%3E\" data-src=\"https:\/\/www.agileadministradora.com\/site\/wp-content\/uploads\/2022\/09\/agile-1-scaled-500x350.jpg\" data-srcset=\"https:\/\/www.agileadministradora.com\/site\/wp-content\/uploads\/2022\/09\/agile-1-scaled-500x350.jpg 500w, https:\/\/www.agileadministradora.com\/site\/wp-content\/uploads\/2022\/09\/agile-1-scaled-1000x700.jpg 1000w\" width=\"500\" height=\"350\"  data-dt-location=\"https:\/\/www.agileadministradora.com\/site\/pagina-inicial\/agile-1\/\" alt=\"\" \/><\/a><\/div><\/div><\/div>[vc_empty_space][\/vc_column][vc_column width=&#8221;1\/4&#8243;][vc_column_text]<\/p>\n<h3 style=\"text-align: center;\">Assessoria \u00e0s Construtoras<\/h3>\n<p>[\/vc_column_text]<style type=\"text\/css\" data-type=\"the7_shortcodes-inline-css\">.shortcode-single-image-wrap.shortcode-single-image-90bdb3ff72c4a0ad399bae237d4007b8.enable-bg-rollover .rollover i,\n.shortcode-single-image-wrap.shortcode-single-image-90bdb3ff72c4a0ad399bae237d4007b8.enable-bg-rollover .rollover-video i {\n  background: -webkit-linear-gradient();\n  background: linear-gradient();\n}\n.shortcode-single-image-wrap.shortcode-single-image-90bdb3ff72c4a0ad399bae237d4007b8 .rollover-icon {\n  font-size: 32px;\n  color: #ffffff;\n  min-width: 44px;\n  min-height: 44px;\n  line-height: 44px;\n  border-radius: 100px;\n  border-style: solid;\n  border-width: 0px;\n}\n.dt-icon-bg-on.shortcode-single-image-wrap.shortcode-single-image-90bdb3ff72c4a0ad399bae237d4007b8 .rollover-icon {\n  background: rgba(255,255,255,0.3);\n  box-shadow: none;\n}\n<\/style><div class=\"shortcode-single-image-wrap shortcode-single-image-90bdb3ff72c4a0ad399bae237d4007b8 alignnone  enable-bg-rollover dt-icon-bg-off\" style=\"margin-top:0px; margin-bottom:0px; margin-left:0px; margin-right:0px; width:500px;\" data-pretty-share=\"facebook,linkedin,whatsapp\"><div class=\"shortcode-single-image\"><div class=\"fancy-media-wrap\" style=\"\"><a href=\"https:\/\/www.agileadministradora.com\/site\/servicos\/assessoria-as-construtoras\/\" class=\" layzr-bg rollover\" style=\"\" rel=\"nofollow\" aria-label=\"Image\"><img loading=\"lazy\" decoding=\"async\" class=\"preload-me lazy-load\" src=\"data:image\/svg+xml,%3Csvg%20xmlns%3D&#39;http%3A%2F%2Fwww.w3.org%2F2000%2Fsvg&#39;%20viewBox%3D&#39;0%200%20500%20350&#39;%2F%3E\" data-src=\"https:\/\/www.agileadministradora.com\/site\/wp-content\/uploads\/2022\/09\/agile-3-scaled-500x350.jpg\" data-srcset=\"https:\/\/www.agileadministradora.com\/site\/wp-content\/uploads\/2022\/09\/agile-3-scaled-500x350.jpg 500w, https:\/\/www.agileadministradora.com\/site\/wp-content\/uploads\/2022\/09\/agile-3-scaled-1000x700.jpg 1000w\" width=\"500\" height=\"350\"  data-dt-location=\"https:\/\/www.agileadministradora.com\/site\/pagina-inicial\/agile-3\/\" alt=\"\" \/><\/a><\/div><\/div><\/div>[vc_empty_space][\/vc_column][\/vc_row][vc_row][vc_column][vc_separator][\/vc_column][\/vc_row][vc_row][vc_column width=&#8221;1\/3&#8243;][\/vc_column][vc_column width=&#8221;1\/3&#8243;][vc_btn title=&#8221;Solicitar Or\u00e7amento&#8221; color=&#8221;primary&#8221; size=&#8221;lg&#8221; align=&#8221;center&#8221; link=&#8221;url:http%3A%2F%2Fwww.agileadministradora.com%2Fsite%2F%3Fpage_id%3D14|||&#8221;][\/vc_column][vc_column width=&#8221;1\/3&#8243;][\/vc_column][\/vc_row][vc_row][vc_column][vc_separator][\/vc_column][\/vc_row][vc_row][vc_column]<div id=\"ult-carousel-131857933369e1a1662440e\" class=\"ult-carousel-wrapper   ult_horizontal\" data-gutter=\"15\" data-rtl=\"false\" ><div class=\"ult-carousel-44172322769e1a16623f79 \" >[vc_single_image image=&#8221;1052&#8243; img_size=&#8221;450&#215;450&#8243;][vc_single_image image=&#8221;1051&#8243; img_size=&#8221;450&#215;450&#8243;][vc_single_image image=&#8221;1050&#8243; img_size=&#8221;450&#215;450&#8243;][vc_single_image image=&#8221;1049&#8243; img_size=&#8221;450&#215;450&#8243;][vc_single_image image=&#8221;1048&#8243; img_size=&#8221;450&#215;450&#8243;][vc_single_image image=&#8221;1047&#8243; img_size=&#8221;450&#215;450&#8243;][vc_single_image image=&#8221;1046&#8243; img_size=&#8221;450&#215;450&#8243;][vc_single_image image=&#8221;1045&#8243; img_size=&#8221;450&#215;450&#8243;][vc_single_image image=&#8221;1044&#8243; img_size=&#8221;450&#215;450&#8243;]<\/div><\/div>\t\t\t<script type=\"text\/javascript\">\r\n\t\t\t\tjQuery(document).ready(function ($) {\r\n\t\t\t\t\tif( typeof jQuery('.ult-carousel-44172322769e1a16623f79').slick == \"function\"){\r\n\t\t\t\t\t\t$('.ult-carousel-44172322769e1a16623f79').slick({dots: true,autoplay: true,autoplaySpeed: 5000,speed: 300,infinite: true,arrows: true,nextArrow: '<button type=\"button\" role=\"button\" aria-label=\"Next\" style=\"color:#333333; font-size:20px;\" class=\"slick-next default\"><i class=\"ultsl-arrow-right4\"><\/i><\/button>',prevArrow: '<button type=\"button\" role=\"button\" aria-label=\"Previous\" style=\"color:#333333; font-size:20px;\" class=\"slick-prev default\"><i class=\"ultsl-arrow-left4\"><\/i><\/button>',slidesToScroll:5,slidesToShow:5,swipe: true,draggable: true,touchMove: true,pauseOnHover: true,responsive: [\r\n\t\t\t\t\t\t\t{\r\n\t\t\t\t\t\t\t  breakpoint: 1025,\r\n\t\t\t\t\t\t\t  settings: {\r\n\t\t\t\t\t\t\t\tslidesToShow: 5,\r\n\t\t\t\t\t\t\t\tslidesToScroll: 5,  \r\n\t\t\t\t\t\t\t  }\r\n\t\t\t\t\t\t\t},\r\n\t\t\t\t\t\t\t{\r\n\t\t\t\t\t\t\t  breakpoint: 769,\r\n\t\t\t\t\t\t\t  settings: {\r\n\t\t\t\t\t\t\t\tslidesToShow: 3,\r\n\t\t\t\t\t\t\t\tslidesToScroll: 3\r\n\t\t\t\t\t\t\t  }\r\n\t\t\t\t\t\t\t},\r\n\t\t\t\t\t\t\t{\r\n\t\t\t\t\t\t\t  breakpoint: 481,\r\n\t\t\t\t\t\t\t  settings: {\r\n\t\t\t\t\t\t\t\tslidesToShow: 2,\r\n\t\t\t\t\t\t\t\tslidesToScroll: 2\r\n\t\t\t\t\t\t\t  }\r\n\t\t\t\t\t\t\t}\r\n\t\t\t\t\t\t],pauseOnDotsHover: true,customPaging: function(slider, i) {\r\n                   return '<i type=\"button\" style= \"color:#333333;\" class=\"ultsl-record\" data-role=\"none\"><\/i>';\r\n                },});\r\n\t\t\t\t\t}\r\n\t\t\t\t});\r\n\t\t\t<\/script>\r\n\t\t\t[\/vc_column][\/vc_row]<\/p>\n","protected":false},"excerpt":{"rendered":"<p>[vc_row][vc_column width=&#8221;1\/4&#8243;][vc_column_text] Adminstra\u00e7\u00e3o de Condom\u00ednios [\/vc_column_text][vc_empty_space][\/vc_column][vc_column width=&#8221;1\/4&#8243;][vc_column_text] S\u00edndico Gestor Profissional [\/vc_column_text][vc_empty_space][\/vc_column][vc_column width=&#8221;1\/4&#8243;][vc_column_text] Assessoria \u00e0 Empresas [\/vc_column_text][vc_empty_space][\/vc_column][vc_column width=&#8221;1\/4&#8243;][vc_column_text] Assessoria \u00e0s Construtoras [\/vc_column_text][vc_empty_space][\/vc_column][\/vc_row][vc_row][vc_column][vc_separator][\/vc_column][\/vc_row][vc_row][vc_column width=&#8221;1\/3&#8243;][\/vc_column][vc_column width=&#8221;1\/3&#8243;][vc_btn title=&#8221;Solicitar Or\u00e7amento&#8221; color=&#8221;primary&#8221; size=&#8221;lg&#8221; align=&#8221;center&#8221; link=&#8221;url:http%3A%2F%2Fwww.agileadministradora.com%2Fsite%2F%3Fpage_id%3D14|||&#8221;][\/vc_column][vc_column width=&#8221;1\/3&#8243;][\/vc_column][\/vc_row][vc_row][vc_column][vc_separator][\/vc_column][\/vc_row][vc_row][vc_column][\/vc_column][\/vc_row]<\/p>\n","protected":false},"author":1,"featured_media":0,"parent":0,"menu_order":0,"comment_status":"closed","ping_status":"closed","template":"","meta":{"footnotes":""},"_links":{"self":[{"href":"https:\/\/www.agileadministradora.com\/site\/wp-json\/wp\/v2\/pages\/496"}],"collection":[{"href":"https:\/\/www.agileadministradora.com\/site\/wp-json\/wp\/v2\/pages"}],"about":[{"href":"https:\/\/www.agileadministradora.com\/site\/wp-json\/wp\/v2\/types\/page"}],"author":[{"embeddable":true,"href":"https:\/\/www.agileadministradora.com\/site\/wp-json\/wp\/v2\/users\/1"}],"replies":[{"embeddable":true,"href":"https:\/\/www.agileadministradora.com\/site\/wp-json\/wp\/v2\/comments?post=496"}],"version-history":[{"count":47,"href":"https:\/\/www.agileadministradora.com\/site\/wp-json\/wp\/v2\/pages\/496\/revisions"}],"predecessor-version":[{"id":1058,"href":"https:\/\/www.agileadministradora.com\/site\/wp-json\/wp\/v2\/pages\/496\/revisions\/1058"}],"wp:attachment":[{"href":"https:\/\/www.agileadministradora.com\/site\/wp-json\/wp\/v2\/media?parent=496"}],"curies":[{"name":"wp","href":"https:\/\/api.w.org\/{rel}","templated":true}]}}