{"id":8,"date":"2015-08-14T13:23:40","date_gmt":"2015-08-14T13:23:40","guid":{"rendered":"http:\/\/www.agileadministradora.com\/site\/?page_id=8"},"modified":"2022-06-20T20:36:05","modified_gmt":"2022-06-20T20:36:05","slug":"empresa","status":"publish","type":"page","link":"https:\/\/www.agileadministradora.com\/site\/empresa\/","title":{"rendered":"EMPRESA"},"content":{"rendered":"<p>[vc_row][vc_column][vc_column_text css_animation=&#8221;left-to-right&#8221;]A \u00c1gile Administradora de Condom\u00ednios foi criada em 2012 diante da necessidade de uma administra\u00e7\u00e3o mais humana, mais pr\u00f3xima das pessoas e com o objetivo de oferecer agilidade e parceria nas fun\u00e7\u00f5es administrativas, financeiras, cont\u00e1beis e amparo nas manuten\u00e7\u00f5es preventivas e obrigat\u00f3rias do condom\u00ednio.<\/p>\n<p>Temos como base estrutural da empresa a empatia e a preocupa\u00e7\u00e3o em prestar um servi\u00e7o digno, com comprometimento e qualifica\u00e7\u00e3o no atendimento, buscando aperfei\u00e7oamento constante nas responsabilidades das fun\u00e7\u00f5es condominiais.[\/vc_column_text][\/vc_column][\/vc_row][vc_row][vc_column][vc_cta h2=&#8221;Miss\u00e3o&#8221;]Trabalhar com agilidade na execu\u00e7\u00e3o dos servi\u00e7os, para proporcionar conforto e seguran\u00e7a aos cond\u00f4minos e s\u00edndicos, alcan\u00e7ando n\u00edvel de destaque no neg\u00f3cio, considerando a coletividade como princ\u00edpio de trabalho.[\/vc_cta][vc_cta h2=&#8221;Vis\u00e3o&#8221;]Ser refer\u00eancia como prestadora de servi\u00e7os de administra\u00e7\u00e3o de condom\u00ednios na regi\u00e3o do M\u00e9dio Vale do Itaja\u00ed, firmando com clientes e fornecedores uma parceria saud\u00e1vel, transformando e viabilizando atitudes para o crescimento da sociedade.[\/vc_cta][vc_cta h2=&#8221;Valores&#8221;]Honestidade e coletividade;<\/p>\n<p>Preocupa\u00e7\u00e3o individual e com o pr\u00f3ximo;<\/p>\n<p>Dedica\u00e7\u00e3o ao trabalho;<\/p>\n<p>Respeito;<\/p>\n<p>Inova\u00e7\u00e3o;<\/p>\n<p>Satisfazer clientes;<\/p>\n<p>Superar expectativas;<\/p>\n<p>Experi\u00eancia no atendimento.[\/vc_cta][\/vc_column][\/vc_row]<\/p>\n","protected":false},"excerpt":{"rendered":"<p>[vc_row][vc_column][vc_column_text css_animation=&#8221;left-to-right&#8221;]A \u00c1gile Administradora de Condom\u00ednios foi criada em 2012 diante da necessidade de uma administra\u00e7\u00e3o mais humana, mais pr\u00f3xima das pessoas e com o objetivo de oferecer agilidade e parceria nas fun\u00e7\u00f5es administrativas, financeiras, cont\u00e1beis e amparo nas manuten\u00e7\u00f5es preventivas e obrigat\u00f3rias do condom\u00ednio. Temos como base estrutural da empresa a empatia e a&hellip;<\/p>\n","protected":false},"author":1,"featured_media":0,"parent":0,"menu_order":2,"comment_status":"open","ping_status":"closed","template":"","meta":{"footnotes":""},"_links":{"self":[{"href":"https:\/\/www.agileadministradora.com\/site\/wp-json\/wp\/v2\/pages\/8"}],"collection":[{"href":"https:\/\/www.agileadministradora.com\/site\/wp-json\/wp\/v2\/pages"}],"about":[{"href":"https:\/\/www.agileadministradora.com\/site\/wp-json\/wp\/v2\/types\/page"}],"author":[{"embeddable":true,"href":"https:\/\/www.agileadministradora.com\/site\/wp-json\/wp\/v2\/users\/1"}],"replies":[{"embeddable":true,"href":"https:\/\/www.agileadministradora.com\/site\/wp-json\/wp\/v2\/comments?post=8"}],"version-history":[{"count":16,"href":"https:\/\/www.agileadministradora.com\/site\/wp-json\/wp\/v2\/pages\/8\/revisions"}],"predecessor-version":[{"id":839,"href":"https:\/\/www.agileadministradora.com\/site\/wp-json\/wp\/v2\/pages\/8\/revisions\/839"}],"wp:attachment":[{"href":"https:\/\/www.agileadministradora.com\/site\/wp-json\/wp\/v2\/media?parent=8"}],"curies":[{"name":"wp","href":"https:\/\/api.w.org\/{rel}","templated":true}]}}