{"id":80,"date":"2015-09-29T16:31:44","date_gmt":"2015-09-29T16:31:44","guid":{"rendered":"http:\/\/www.agileadministradora.com\/site\/?page_id=80"},"modified":"2019-10-12T22:34:49","modified_gmt":"2019-10-12T22:34:49","slug":"legislacao","status":"publish","type":"page","link":"https:\/\/www.agileadministradora.com\/site\/noticias\/legislacao\/","title":{"rendered":"LEGISLA\u00c7\u00c3O"},"content":{"rendered":"<p>[vc_row][vc_column][vc_column_text css_animation=&#8221;bounceInUp&#8221;]<a title=\"LEI No 10.406, DE 10 DE JANEIRO DE 2002.\" href=\"http:\/\/www.planalto.gov.br\/ccivil_03\/leis\/2002\/L10406.htm\" target=\"_blank\">Lei 10.406 &#8211; Legisla\u00e7\u00e3o do Condom\u00ednio<\/a><\/p>\n<p><a title=\"LEI N\u00ba 4.591, DE 16 DE DEZEMBRO DE 1964.\" href=\"http:\/\/www.planalto.gov.br\/ccivil_03\/leis\/L4591.htm\" target=\"_blank\">Lei 4591\/64 Legisla\u00e7\u00e3o do Condom\u00ednio<\/a><\/p>\n<p><a title=\"LEI No 8.245, DE 18 DE OUTUBRO DE 1991.\" href=\"http:\/\/www.planalto.gov.br\/ccivil_03\/leis\/l8245.htm\" target=\"_blank\">Lei do Inquilinato<\/a><\/p>\n<p><a title=\"Conven\u00e7\u00f5es e Tabelas\" href=\"http:\/\/www.secoviblumenau.com.br\/convencoes-e-tabelas\/\" target=\"_blank\">Conven\u00e7\u00e3o Coletiva do Trabalho e Tabelas<\/a>[\/vc_column_text][\/vc_column][\/vc_row]<\/p>\n","protected":false},"excerpt":{"rendered":"<p>[vc_row][vc_column][vc_column_text css_animation=&#8221;bounceInUp&#8221;]Lei 10.406 &#8211; Legisla\u00e7\u00e3o do Condom\u00ednio Lei 4591\/64 Legisla\u00e7\u00e3o do Condom\u00ednio Lei do Inquilinato Conven\u00e7\u00e3o Coletiva do Trabalho e Tabelas[\/vc_column_text][\/vc_column][\/vc_row]<\/p>\n","protected":false},"author":1,"featured_media":0,"parent":36,"menu_order":4,"comment_status":"closed","ping_status":"closed","template":"","meta":{"footnotes":""},"_links":{"self":[{"href":"https:\/\/www.agileadministradora.com\/site\/wp-json\/wp\/v2\/pages\/80"}],"collection":[{"href":"https:\/\/www.agileadministradora.com\/site\/wp-json\/wp\/v2\/pages"}],"about":[{"href":"https:\/\/www.agileadministradora.com\/site\/wp-json\/wp\/v2\/types\/page"}],"author":[{"embeddable":true,"href":"https:\/\/www.agileadministradora.com\/site\/wp-json\/wp\/v2\/users\/1"}],"replies":[{"embeddable":true,"href":"https:\/\/www.agileadministradora.com\/site\/wp-json\/wp\/v2\/comments?post=80"}],"version-history":[{"count":6,"href":"https:\/\/www.agileadministradora.com\/site\/wp-json\/wp\/v2\/pages\/80\/revisions"}],"predecessor-version":[{"id":308,"href":"https:\/\/www.agileadministradora.com\/site\/wp-json\/wp\/v2\/pages\/80\/revisions\/308"}],"up":[{"embeddable":true,"href":"https:\/\/www.agileadministradora.com\/site\/wp-json\/wp\/v2\/pages\/36"}],"wp:attachment":[{"href":"https:\/\/www.agileadministradora.com\/site\/wp-json\/wp\/v2\/media?parent=80"}],"curies":[{"name":"wp","href":"https:\/\/api.w.org\/{rel}","templated":true}]}}