{"id":902,"date":"2022-09-19T19:26:38","date_gmt":"2022-09-19T19:26:38","guid":{"rendered":"http:\/\/www.agileadministradora.com\/site\/?page_id=902"},"modified":"2022-09-19T19:27:56","modified_gmt":"2022-09-19T19:27:56","slug":"administracao-de-condominios","status":"publish","type":"page","link":"https:\/\/www.agileadministradora.com\/site\/servicos\/administracao-de-condominios\/","title":{"rendered":"Administra\u00e7\u00e3o de condom\u00ednios"},"content":{"rendered":"<p>[vc_row][vc_column][vc_column_text]<\/p>\n<p style=\"text-align: justify;\"><a class=\"dt-pswp-item\" href=\"https:\/\/www.agileadministradora.com\/site\/wp-content\/uploads\/2022\/09\/agile-4-scaled.jpg\" data-dt-img-description=\"\" data-large_image_width=\"2560\" data-large_image_height=\"1707\"><img loading=\"lazy\" decoding=\"async\" class=\"size-medium wp-image-898 alignleft\" src=\"https:\/\/www.agileadministradora.com\/site\/wp-content\/uploads\/2022\/09\/agile-4-scaled-300x200.jpg\" alt=\"\" width=\"300\" height=\"200\" srcset=\"https:\/\/www.agileadministradora.com\/site\/wp-content\/uploads\/2022\/09\/agile-4-scaled-300x200.jpg 300w, https:\/\/www.agileadministradora.com\/site\/wp-content\/uploads\/2022\/09\/agile-4-scaled-1024x683.jpg 1024w, https:\/\/www.agileadministradora.com\/site\/wp-content\/uploads\/2022\/09\/agile-4-scaled-1536x1024.jpg 1536w, https:\/\/www.agileadministradora.com\/site\/wp-content\/uploads\/2022\/09\/agile-4-scaled-2048x1366.jpg 2048w\" sizes=\"(max-width: 300px) 100vw, 300px\" \/><\/a>Atendimento, or\u00e7amentos e contrata\u00e7\u00e3o de servi\u00e7os para conserto, manuten\u00e7\u00e3o e investimentos que necessitem de apoio t\u00e9cnico especializado, e outros fornecedores;<\/p>\n<p style=\"text-align: justify;\">Realiza\u00e7\u00e3o de Assembleias Gerais, convoca\u00e7\u00e3o, assessoria para conven\u00e7\u00e3o do Condom\u00ednio;<\/p>\n<p style=\"text-align: justify;\">Constitui\u00e7\u00e3o e atualiza\u00e7\u00e3o do CNPJ do Condom\u00ednio;<\/p>\n<p style=\"text-align: justify;\">Visitas para avalia\u00e7\u00e3o de necessidades e apoio ao s\u00edndico;<\/p>\n<p style=\"text-align: justify;\">Contrata\u00e7\u00e3o e administra\u00e7\u00e3o de ap\u00f3lice de seguro, acompanhamento e liquida\u00e7\u00e3o de sinistro;<\/p>\n<p style=\"text-align: justify;\">Servi\u00e7o de malote para a retirada e entrega de correspond\u00eancia.<\/p>\n<p style=\"text-align: justify;\">ADMINISTRA\u00c7\u00c3O FINANCEIRA<\/p>\n<p style=\"text-align: justify;\">Abertura e administra\u00e7\u00e3o de conta banc\u00e1ria;<\/p>\n<p style=\"text-align: justify;\">Pagamentos;<\/p>\n<p style=\"text-align: justify;\">Controle de inadimplentes, cobran\u00e7a;<\/p>\n<p style=\"text-align: justify;\">Planejamento financeiro anual juntamente com o s\u00edndico;<\/p>\n<p style=\"text-align: justify;\">Proje\u00e7\u00e3o de despesas mensais;<\/p>\n<p style=\"text-align: justify;\">Declara\u00e7\u00e3o Negativa de D\u00e9bitos Condominiais;<\/p>\n<p style=\"text-align: justify;\">Gest\u00e3o tribut\u00e1ria \u2013 c\u00e1lculo para aplica\u00e7\u00e3o das al\u00edquotas, reten\u00e7\u00e3o e recolhimento de impostos.<\/p>\n<p style=\"text-align: justify;\">RECURSOS HUMANOS<\/p>\n<p style=\"text-align: justify;\">Recrutamento e sele\u00e7\u00e3o de funcion\u00e1rios;<\/p>\n<p style=\"text-align: justify;\">Procedimentos admissionais, demissionais e de processamento mensal da folha de pagamento, 13\u00b0 sal\u00e1rio, f\u00e9rias;<\/p>\n<p style=\"text-align: justify;\">Emiss\u00e3o e recolhimento de impostos trabalhistas e envio do relat\u00f3rios;<\/p>\n<p style=\"text-align: justify;\">Certid\u00f5es Negativas de D\u00e9bito (INSS \u2013 FGTS);<\/p>\n<p style=\"text-align: justify;\">Reten\u00e7\u00e3o e recolhimento de contribui\u00e7\u00f5es sindicais \u2013 patronal e dos empregados;<\/p>\n<p style=\"text-align: justify;\">CONT\u00c1BIL<\/p>\n<p style=\"text-align: justify;\">Presta\u00e7\u00e3o de contas mensais \u2013 Elabora\u00e7\u00e3o de demonstrativos de pagamentos de despesas e de recebimentos das cotas, dos devedores de cotas e balancete geral contendo a posi\u00e7\u00e3o financeira do m\u00eas;<\/p>\n<p style=\"text-align: justify;\">Emiss\u00e3o de boletos banc\u00e1rios;<\/p>\n<p style=\"text-align: justify;\">Planilhas com demonstrativo de despesas e receitas, bem como o rateio;<\/p>\n<p style=\"text-align: justify;\">\u00c1REA DO CLIENTE<\/p>\n<p style=\"text-align: justify;\">Uma ferramenta para utiliza\u00e7\u00e3o do s\u00edndico e cond\u00f4mino, a fim de que todos se aproximem dos bastidores da vida administrativa do seu condom\u00ednio.<\/p>\n<p style=\"text-align: justify;\">O espa\u00e7o foi criado pensando em agilizar a troca de informa\u00e7\u00f5es. O cliente poder\u00e1 receber 2\u00aa via do boleto, Regulamento Interno, presta\u00e7\u00e3o de contas, entre outros documentos que forem publicados no site.<\/p>\n<p style=\"text-align: justify;\">Para a \u00c1gile um novo conceito de acessibilidade, que nos aproxima de voc\u00ea.<\/p>\n<p style=\"text-align: justify;\">Para voc\u00ea cliente parceiro, informa\u00e7\u00e3o a qualquer hora do dia.<\/p>\n<p>[\/vc_column_text][\/vc_column][\/vc_row]<\/p>\n","protected":false},"excerpt":{"rendered":"<p>[vc_row][vc_column][vc_column_text] Atendimento, or\u00e7amentos e contrata\u00e7\u00e3o de servi\u00e7os para conserto, manuten\u00e7\u00e3o e investimentos que necessitem de apoio t\u00e9cnico especializado, e outros fornecedores; Realiza\u00e7\u00e3o de Assembleias Gerais, convoca\u00e7\u00e3o, assessoria para conven\u00e7\u00e3o do Condom\u00ednio; Constitui\u00e7\u00e3o e atualiza\u00e7\u00e3o do CNPJ do Condom\u00ednio; Visitas para avalia\u00e7\u00e3o de necessidades e apoio ao s\u00edndico; Contrata\u00e7\u00e3o e administra\u00e7\u00e3o de ap\u00f3lice de seguro, acompanhamento&hellip;<\/p>\n","protected":false},"author":1,"featured_media":0,"parent":10,"menu_order":0,"comment_status":"closed","ping_status":"closed","template":"","meta":{"footnotes":""},"_links":{"self":[{"href":"https:\/\/www.agileadministradora.com\/site\/wp-json\/wp\/v2\/pages\/902"}],"collection":[{"href":"https:\/\/www.agileadministradora.com\/site\/wp-json\/wp\/v2\/pages"}],"about":[{"href":"https:\/\/www.agileadministradora.com\/site\/wp-json\/wp\/v2\/types\/page"}],"author":[{"embeddable":true,"href":"https:\/\/www.agileadministradora.com\/site\/wp-json\/wp\/v2\/users\/1"}],"replies":[{"embeddable":true,"href":"https:\/\/www.agileadministradora.com\/site\/wp-json\/wp\/v2\/comments?post=902"}],"version-history":[{"count":3,"href":"https:\/\/www.agileadministradora.com\/site\/wp-json\/wp\/v2\/pages\/902\/revisions"}],"predecessor-version":[{"id":905,"href":"https:\/\/www.agileadministradora.com\/site\/wp-json\/wp\/v2\/pages\/902\/revisions\/905"}],"up":[{"embeddable":true,"href":"https:\/\/www.agileadministradora.com\/site\/wp-json\/wp\/v2\/pages\/10"}],"wp:attachment":[{"href":"https:\/\/www.agileadministradora.com\/site\/wp-json\/wp\/v2\/media?parent=902"}],"curies":[{"name":"wp","href":"https:\/\/api.w.org\/{rel}","templated":true}]}}