{"id":906,"date":"2022-09-19T19:29:47","date_gmt":"2022-09-19T19:29:47","guid":{"rendered":"http:\/\/www.agileadministradora.com\/site\/?page_id=906"},"modified":"2022-11-24T14:20:17","modified_gmt":"2022-11-24T14:20:17","slug":"sindico-gestor-geral","status":"publish","type":"page","link":"https:\/\/www.agileadministradora.com\/site\/servicos\/sindico-gestor-geral\/","title":{"rendered":"S\u00edndico Gestor Profissional"},"content":{"rendered":"<p>[vc_row][vc_column][vc_column_text]<\/p>\n<p style=\"text-align: justify;\"><a class=\"dt-pswp-item\" href=\"https:\/\/www.agileadministradora.com\/site\/wp-content\/uploads\/2022\/09\/agile-2-scaled.jpg\" data-dt-img-description=\"\" data-large_image_width=\"2560\" data-large_image_height=\"1707\"><img loading=\"lazy\" decoding=\"async\" class=\"size-medium wp-image-896 alignleft\" src=\"https:\/\/www.agileadministradora.com\/site\/wp-content\/uploads\/2022\/09\/agile-2-scaled-300x200.jpg\" alt=\"\" width=\"300\" height=\"200\" srcset=\"https:\/\/www.agileadministradora.com\/site\/wp-content\/uploads\/2022\/09\/agile-2-scaled-300x200.jpg 300w, https:\/\/www.agileadministradora.com\/site\/wp-content\/uploads\/2022\/09\/agile-2-scaled-1024x683.jpg 1024w, https:\/\/www.agileadministradora.com\/site\/wp-content\/uploads\/2022\/09\/agile-2-scaled-1536x1024.jpg 1536w, https:\/\/www.agileadministradora.com\/site\/wp-content\/uploads\/2022\/09\/agile-2-scaled-2048x1366.jpg 2048w\" sizes=\"(max-width: 300px) 100vw, 300px\" \/><\/a>S\u00cdNDICO GESTOR PROFISSIONAL<\/p>\n<p style=\"text-align: justify;\">Nossa presta\u00e7\u00e3o de servi\u00e7os tem como objetivo fortalecer o mercado condominial com a\u00e7\u00f5es inovadores e experi\u00eancias inspiradoras na atua\u00e7\u00e3o como s\u00edndico gestor profissional. Mostrar que qualquer condom\u00ednio pode conquistar bons resultados, quando liderados por princ\u00edpios que viabilizam a pr\u00e1tica de h\u00e1bitos saud\u00e1veis.<\/p>\n<p style=\"text-align: justify;\">Benef\u00edcios ao condom\u00ednio de ter um s\u00edndico gestor profissional da \u00c1gile Administradora de Condom\u00ednios.<\/p>\n<p style=\"text-align: justify;\">Profissionaliza\u00e7\u00e3o dos procedimentos e deveres do S\u00edndico;<\/p>\n<p style=\"text-align: justify;\">Economia (sabemos como, quando, por que e para que comprar, trocar ou investir);<\/p>\n<p style=\"text-align: justify;\">Entendemos o mercado e os agentes que atuam direta e indiretamente. S\u00e3o mais de 15 anos de experi\u00eancia na gest\u00e3o de condom\u00ednios.<\/p>\n<p style=\"text-align: justify;\">Por que contratar o s\u00edndico Gestor Profissional da \u00c1gile Administradora de Condom\u00ednios?<\/p>\n<p style=\"text-align: justify;\">Atrav\u00e9s de uma atua\u00e7\u00e3o humana e emp\u00e1tica o gestor poder\u00e1 identificar as demandas priorit\u00e1rias do seu condom\u00ednio, trazendo seguran\u00e7a e acolhimento, e fazendo cumprir o estabelecido em conven\u00e7\u00e3o e regulamento interno;<\/p>\n<p style=\"text-align: justify;\">Realizar o planejamento seguro das mudan\u00e7as necess\u00e1rias, para que n\u00e3o haja surpresas no recebimento do boleto de condom\u00ednio;<\/p>\n<p style=\"text-align: justify;\">Buscar a melhor solu\u00e7\u00e3o com efici\u00eancia e efic\u00e1cia, sempre priorizando o despertar do senso de autorresponsabilidade no pr\u00f3ximo com atitudes positivas, inspiradoras e decisivas.<\/p>\n<p style=\"text-align: justify;\">EQUIPE \u2013 S\u00cdNDICO GESTOR PROFISSIONAL<\/p>\n<p style=\"text-align: justify;\">Felipe Zonta<\/p>\n<p style=\"text-align: justify;\">CRA\/SC 24573.<\/p>\n<p style=\"text-align: justify;\">Bacharel em Administra\u00e7\u00e3o pela Universidade Regional de Blumenau \u2013 FURB 07\/2011.<\/p>\n<p style=\"text-align: justify;\">Cursando P\u00f3s Gradua\u00e7\u00e3o em Media\u00e7\u00e3o e Gest\u00e3o de Conflitos pelo Centro de Mediadores.<\/p>\n<p style=\"text-align: justify;\">S\u00edndico Gestor Profissional pela Sociedade Educacional de Santa Catarina \u2013 SOCIESC 06\/2014.<\/p>\n<p style=\"text-align: justify;\">Respons\u00e1vel T\u00e9cnico pela \u00c1gile Administradora de Condom\u00ednios desde sua funda\u00e7\u00e3o em 07\/2012.<\/p>\n<p style=\"text-align: justify;\">S\u00edndico Gestor profissional com experi\u00eancia no atendimento a condom\u00ednios residenciais, comerciais e mistos (residenciais que possuem lojas em suas instala\u00e7\u00f5es).<\/p>\n<p style=\"text-align: justify;\">Al\u00e9m da preocupa\u00e7\u00e3o cont\u00ednua com o aperfei\u00e7oamento profissional, busca desenvolver suas atividades de forma humana, possui um perfil emp\u00e1tico e busca resolutivas que atendam a necessidade coletiva.<\/p>\n<p>[\/vc_column_text][\/vc_column][\/vc_row]<\/p>\n","protected":false},"excerpt":{"rendered":"<p>[vc_row][vc_column][vc_column_text] S\u00cdNDICO GESTOR PROFISSIONAL Nossa presta\u00e7\u00e3o de servi\u00e7os tem como objetivo fortalecer o mercado condominial com a\u00e7\u00f5es inovadores e experi\u00eancias inspiradoras na atua\u00e7\u00e3o como s\u00edndico gestor profissional. Mostrar que qualquer condom\u00ednio pode conquistar bons resultados, quando liderados por princ\u00edpios que viabilizam a pr\u00e1tica de h\u00e1bitos saud\u00e1veis. Benef\u00edcios ao condom\u00ednio de ter um s\u00edndico gestor profissional&hellip;<\/p>\n","protected":false},"author":1,"featured_media":0,"parent":10,"menu_order":0,"comment_status":"closed","ping_status":"closed","template":"","meta":{"footnotes":""},"_links":{"self":[{"href":"https:\/\/www.agileadministradora.com\/site\/wp-json\/wp\/v2\/pages\/906"}],"collection":[{"href":"https:\/\/www.agileadministradora.com\/site\/wp-json\/wp\/v2\/pages"}],"about":[{"href":"https:\/\/www.agileadministradora.com\/site\/wp-json\/wp\/v2\/types\/page"}],"author":[{"embeddable":true,"href":"https:\/\/www.agileadministradora.com\/site\/wp-json\/wp\/v2\/users\/1"}],"replies":[{"embeddable":true,"href":"https:\/\/www.agileadministradora.com\/site\/wp-json\/wp\/v2\/comments?post=906"}],"version-history":[{"count":3,"href":"https:\/\/www.agileadministradora.com\/site\/wp-json\/wp\/v2\/pages\/906\/revisions"}],"predecessor-version":[{"id":944,"href":"https:\/\/www.agileadministradora.com\/site\/wp-json\/wp\/v2\/pages\/906\/revisions\/944"}],"up":[{"embeddable":true,"href":"https:\/\/www.agileadministradora.com\/site\/wp-json\/wp\/v2\/pages\/10"}],"wp:attachment":[{"href":"https:\/\/www.agileadministradora.com\/site\/wp-json\/wp\/v2\/media?parent=906"}],"curies":[{"name":"wp","href":"https:\/\/api.w.org\/{rel}","templated":true}]}}