{"id":909,"date":"2022-09-19T19:31:57","date_gmt":"2022-09-19T19:31:57","guid":{"rendered":"http:\/\/www.agileadministradora.com\/site\/?page_id=909"},"modified":"2022-09-19T19:32:15","modified_gmt":"2022-09-19T19:32:15","slug":"assessoria-a-empresa","status":"publish","type":"page","link":"https:\/\/www.agileadministradora.com\/site\/servicos\/assessoria-a-empresa\/","title":{"rendered":"Assessoria \u00e0 Empresa"},"content":{"rendered":"<p>[vc_row][vc_column width=&#8221;1\/2&#8243;][vc_single_image image=&#8221;895&#8243; img_size=&#8221;full&#8221;][\/vc_column][vc_column width=&#8221;1\/2&#8243;][vc_column_text]<\/p>\n<p style=\"text-align: justify;\">ASSESSORIA \u00c0 EMPRESAS TERCEIRIZADAS<\/p>\n<p style=\"text-align: justify;\">Contribuir com a capacita\u00e7\u00e3o dos profissionais da \u00e1rea condominial, de forma pr\u00e1tica, simples e autorrespons\u00e1vel.<\/p>\n<p style=\"text-align: justify;\">Por que a empresa terceirizada deve contratar o treinamento da \u00c1gile?<\/p>\n<p style=\"text-align: justify;\">Oportunidade de aprimorar procedimentos e aumentar visibilidade, a partir de informa\u00e7\u00f5es e conscientiza\u00e7\u00e3o do cliente (condom\u00ednio);<\/p>\n<p style=\"text-align: justify;\">Tempo: sabemos como gerenciar um condom\u00ednio, entendemos as suas dores e da terceirizada. Essas certezas nos capacitam para possibilitar uma transforma\u00e7\u00e3o dos profissionais;<\/p>\n<p style=\"text-align: justify;\">Profissionais conscientes da sua responsabilidade;<\/p>\n<p style=\"text-align: justify;\">Reconhecimento por parte do condom\u00ednio, pela atua\u00e7\u00e3o Segura, Preventiva e Proativa.<\/p>\n<p>[\/vc_column_text][\/vc_column][\/vc_row]<\/p>\n","protected":false},"excerpt":{"rendered":"<p>[vc_row][vc_column width=&#8221;1\/2&#8243;][vc_single_image image=&#8221;895&#8243; img_size=&#8221;full&#8221;][\/vc_column][vc_column width=&#8221;1\/2&#8243;][vc_column_text] ASSESSORIA \u00c0 EMPRESAS TERCEIRIZADAS Contribuir com a capacita\u00e7\u00e3o dos profissionais da \u00e1rea condominial, de forma pr\u00e1tica, simples e autorrespons\u00e1vel. Por que a empresa terceirizada deve contratar o treinamento da \u00c1gile? Oportunidade de aprimorar procedimentos e aumentar visibilidade, a partir de informa\u00e7\u00f5es e conscientiza\u00e7\u00e3o do cliente (condom\u00ednio); Tempo: sabemos como gerenciar&hellip;<\/p>\n","protected":false},"author":1,"featured_media":0,"parent":10,"menu_order":0,"comment_status":"closed","ping_status":"closed","template":"","meta":{"footnotes":""},"_links":{"self":[{"href":"https:\/\/www.agileadministradora.com\/site\/wp-json\/wp\/v2\/pages\/909"}],"collection":[{"href":"https:\/\/www.agileadministradora.com\/site\/wp-json\/wp\/v2\/pages"}],"about":[{"href":"https:\/\/www.agileadministradora.com\/site\/wp-json\/wp\/v2\/types\/page"}],"author":[{"embeddable":true,"href":"https:\/\/www.agileadministradora.com\/site\/wp-json\/wp\/v2\/users\/1"}],"replies":[{"embeddable":true,"href":"https:\/\/www.agileadministradora.com\/site\/wp-json\/wp\/v2\/comments?post=909"}],"version-history":[{"count":1,"href":"https:\/\/www.agileadministradora.com\/site\/wp-json\/wp\/v2\/pages\/909\/revisions"}],"predecessor-version":[{"id":910,"href":"https:\/\/www.agileadministradora.com\/site\/wp-json\/wp\/v2\/pages\/909\/revisions\/910"}],"up":[{"embeddable":true,"href":"https:\/\/www.agileadministradora.com\/site\/wp-json\/wp\/v2\/pages\/10"}],"wp:attachment":[{"href":"https:\/\/www.agileadministradora.com\/site\/wp-json\/wp\/v2\/media?parent=909"}],"curies":[{"name":"wp","href":"https:\/\/api.w.org\/{rel}","templated":true}]}}